{"id":2292,"date":"2021-03-07T15:30:58","date_gmt":"2021-03-07T20:30:58","guid":{"rendered":"https:\/\/groupegagnon.ca\/eco-captation\/"},"modified":"2021-03-07T15:31:07","modified_gmt":"2021-03-07T20:31:07","slug":"eco-captation","status":"publish","type":"page","link":"https:\/\/groupegagnon.ca\/en\/eco-captation\/","title":{"rendered":"\u00c9co-Captation"},"content":{"rendered":"<p>[et_pb_section fb_built=&#8221;1&#8243; next_background_color=&#8221;#88c4dd&#8221; _builder_version=&#8221;4.5.6&#8243; _module_preset=&#8221;default&#8221; background_image=&#8221;https:\/\/groupegagnon.ca\/wp-content\/uploads\/2020\/08\/slider-polystyrene-1.jpg&#8221; width=&#8221;100%&#8221; max_width=&#8221;100%&#8221; height=&#8221;628px&#8221; custom_margin=&#8221;35px||||false|false&#8221; custom_padding=&#8221;6px||0px||false|false&#8221; bottom_divider_style=&#8221;curve2&#8243;][et_pb_row column_structure=&#8221;2_5,3_5&#8243; _builder_version=&#8221;4.5.6&#8243; _module_preset=&#8221;default&#8221; min_height=&#8221;879px&#8221; custom_padding=&#8221;66px||0px|||&#8221;][et_pb_column type=&#8221;2_5&#8243; _builder_version=&#8221;4.5.6&#8243; _module_preset=&#8221;default&#8221;][\/et_pb_column][et_pb_column type=&#8221;3_5&#8243; _builder_version=&#8221;4.5.6&#8243; _module_preset=&#8221;default&#8221;][et_pb_text _builder_version=&#8221;4.5.6&#8243; _module_preset=&#8221;default&#8221; header_font=&#8221;|700|||||||&#8221; header_text_color=&#8221;#ffffff&#8221; header_font_size=&#8221;50px&#8221; header_2_font=&#8221;Poppins|500|||||||&#8221; header_2_font_size=&#8221;38px&#8221; header_2_line_height=&#8221;1.3em&#8221; header_3_font=&#8221;||||||||&#8221; header_3_text_color=&#8221;#88c4dd&#8221; header_3_font_size=&#8221;25px&#8221; header_4_font=&#8221;||||||||&#8221; header_4_text_color=&#8221;#4f7382&#8243; header_4_font_size=&#8221;21px&#8221; header_5_text_color=&#8221;#00457a&#8221; custom_margin=&#8221;-4px|||||&#8221; hover_enabled=&#8221;0&#8243; header_text_shadow_style=&#8221;preset2&#8243; header_text_shadow_horizontal_length=&#8221;0.03em&#8221; header_text_shadow_vertical_length=&#8221;0.05em&#8221; header_text_shadow_blur_strength=&#8221;0.22em&#8221; header_text_shadow_color=&#8221;#002a4f&#8221;]<\/p>\n<h1>ECO-CAPTATION<strong>&#8230;<\/strong><\/h1>\n<h4>Our new polystyrene recycling service.<\/h4>\n<p>[\/et_pb_text][\/et_pb_column][\/et_pb_row][\/et_pb_section][et_pb_section fb_built=&#8221;1&#8243; next_background_color=&#8221;#ffffff&#8221; _builder_version=&#8221;4.5.6&#8243; _module_preset=&#8221;default&#8221; background_color=&#8221;#88c4dd&#8221; use_background_color_gradient=&#8221;on&#8221; background_color_gradient_start=&#8221;rgba(46,169,221,0.45)&#8221; background_color_gradient_end=&#8221;#8bcde0&#8243; bottom_divider_style=&#8221;curve2&#8243;][et_pb_row column_structure=&#8221;2_5,3_5&#8243; _builder_version=&#8221;4.5.6&#8243; _module_preset=&#8221;default&#8221; custom_margin=&#8221;|auto|39px|auto||&#8221; custom_padding=&#8221;||78px|||&#8221;][et_pb_column type=&#8221;2_5&#8243; _builder_version=&#8221;4.5.6&#8243; _module_preset=&#8221;default&#8221;][et_pb_image src=&#8221;https:\/\/groupegagnon.ca\/wp-content\/uploads\/2020\/08\/logo-eco-beton.png&#8221; title_text=&#8221;logo-eco-beton&#8221; _builder_version=&#8221;4.5.6&#8243; _module_preset=&#8221;default&#8221; filter_hue_rotate=&#8221;8deg&#8221; filter_saturate=&#8221;129%&#8221; filter_brightness=&#8221;103%&#8221; filter_contrast=&#8221;164%&#8221;][\/et_pb_image][et_pb_text _builder_version=&#8221;4.5.6&#8243; text_font=&#8221;||||||||&#8221; text_text_color=&#8221;#06496d&#8221; text_font_size=&#8221;16px&#8221; text_line_height=&#8221;1.8em&#8221; header_font=&#8221;|700|||||||&#8221; header_text_color=&#8221;#ffffff&#8221; header_font_size=&#8221;50px&#8221; header_2_font=&#8221;Poppins|500|||||||&#8221; header_2_font_size=&#8221;38px&#8221; header_2_line_height=&#8221;1.3em&#8221; header_3_font=&#8221;||||||||&#8221; header_3_text_color=&#8221;#ffffff&#8221; header_3_font_size=&#8221;25px&#8221; header_4_font=&#8221;||||||||&#8221; header_4_text_color=&#8221;#4f7382&#8243; header_4_font_size=&#8221;21px&#8221; header_5_text_color=&#8221;#00457a&#8221; text_orientation=&#8221;center&#8221; background_layout=&#8221;dark&#8221; max_width=&#8221;700px&#8221; module_alignment=&#8221;center&#8221; custom_margin=&#8221;||2px|||&#8221; custom_padding=&#8221;||0px|||&#8221; hover_enabled=&#8221;0&#8243; header_text_shadow_style=&#8221;preset2&#8243; header_text_shadow_horizontal_length=&#8221;0.03em&#8221; header_text_shadow_vertical_length=&#8221;0.05em&#8221; header_text_shadow_blur_strength=&#8221;0.22em&#8221; header_text_shadow_color=&#8221;#002a4f&#8221;]<\/p>\n<div class=\"wpb_text_column wpb_content_element \">\n<div class=\"wpb_wrapper\">\n<p><b><i>A concrete example of polystyrene recycling opportunities with this concrete flowerpot.<\/i><\/b><\/p>\n<\/div>\n<\/div>\n<p>[\/et_pb_text][\/et_pb_column][et_pb_column type=&#8221;3_5&#8243; _builder_version=&#8221;4.5.6&#8243; _module_preset=&#8221;default&#8221;][et_pb_text _builder_version=&#8221;4.5.6&#8243; _module_preset=&#8221;default&#8221; header_3_text_color=&#8221;#ffffff&#8221; header_3_font_size=&#8221;24px&#8221; hover_enabled=&#8221;0&#8243;]<\/p>\n<h3 class=\"vc_custom_heading font-pier-regular\" style=\"text-align: justify;\">At Groupe Gagnon, we always want to push the limits of polystyrene further by packaging this material. Our concept is based on a virtuous circle as well as the traceability of the recycled product.<\/h3>\n<p>[\/et_pb_text][et_pb_text _builder_version=&#8221;4.5.6&#8243; text_font=&#8221;PT Sans||||||||&#8221; text_text_color=&#8221;rgba(255,255,255,0.7)&#8221; text_font_size=&#8221;18px&#8221; text_line_height=&#8221;1.8em&#8221; header_font=&#8221;|700|||||||&#8221; header_text_color=&#8221;#ffffff&#8221; header_font_size=&#8221;50px&#8221; header_2_font=&#8221;Poppins|500|||||||&#8221; header_2_font_size=&#8221;38px&#8221; header_2_line_height=&#8221;1.3em&#8221; header_3_font=&#8221;||||||||&#8221; header_3_text_color=&#8221;#ffffff&#8221; header_3_font_size=&#8221;25px&#8221; header_4_font=&#8221;|700|||||||&#8221; header_4_text_color=&#8221;#00476d&#8221; header_4_font_size=&#8221;21px&#8221; header_5_text_color=&#8221;#00457a&#8221; text_orientation=&#8221;center&#8221; background_layout=&#8221;dark&#8221; max_width=&#8221;700px&#8221; module_alignment=&#8221;center&#8221; header_text_shadow_style=&#8221;preset2&#8243; header_text_shadow_horizontal_length=&#8221;0.03em&#8221; header_text_shadow_vertical_length=&#8221;0.05em&#8221; header_text_shadow_blur_strength=&#8221;0.22em&#8221; header_text_shadow_color=&#8221;#002a4f&#8221;]<\/p>\n<h4 class=\"vc_custom_heading font-pier-regular\" style=\"text-align: justify;\"><span style=\"font-size: 16px;\"><strong>We have developed a technology for this light product, easy to transport and above all infinitely recyclable &#8230;<\/strong><\/span><\/h4>\n<h4 class=\"vc_custom_heading font-pier-regular\" style=\"text-align: justify;\"><span style=\"font-size: 16px;\"><strong>Our team has launched the very first eco-captation service to show that it is possible to reuse polystyrene in a durable development context.<\/strong><\/span><\/h4>\n<p>[\/et_pb_text][\/et_pb_column][\/et_pb_row][\/et_pb_section][et_pb_section fb_built=&#8221;1&#8243; admin_label=&#8221;Feature Image Left&#8221; _builder_version=&#8221;4.5.6&#8243; background_enable_color=&#8221;off&#8221; custom_margin=&#8221;-3px|||||&#8221; custom_padding=&#8221;0px||0px|||&#8221; top_divider_color=&#8221;rgba(71,181,209,0.33)&#8221;][et_pb_row column_structure=&#8221;3_5,2_5&#8243; use_custom_gutter=&#8221;on&#8221; gutter_width=&#8221;4&#8243; make_equal=&#8221;on&#8221; _builder_version=&#8221;4.5.6&#8243; custom_margin=&#8221;|||&#8221; custom_padding=&#8221;23px||54px|||&#8221;][et_pb_column type=&#8221;3_5&#8243; _builder_version=&#8221;3.25&#8243; custom_padding=&#8221;|||&#8221; custom_padding__hover=&#8221;|||&#8221;][et_pb_text _builder_version=&#8221;4.5.6&#8243; text_font=&#8221;PT Sans||||||||&#8221; text_text_color=&#8221;#00457a&#8221; text_font_size=&#8221;18px&#8221; text_line_height=&#8221;1.8em&#8221; header_font=&#8221;|700|||||||&#8221; header_text_color=&#8221;#ffffff&#8221; header_font_size=&#8221;50px&#8221; header_2_font=&#8221;Poppins|500|||||||&#8221; header_2_font_size=&#8221;38px&#8221; header_2_line_height=&#8221;1.3em&#8221; header_3_font=&#8221;||||||||&#8221; header_3_text_color=&#8221;#88c4dd&#8221; header_3_font_size=&#8221;25px&#8221; header_4_font=&#8221;||||||||&#8221; header_4_text_color=&#8221;#4f7382&#8243; header_4_font_size=&#8221;21px&#8221; header_5_text_color=&#8221;#00457a&#8221; background_layout=&#8221;dark&#8221; header_text_shadow_style=&#8221;preset2&#8243; header_text_shadow_horizontal_length=&#8221;0.03em&#8221; header_text_shadow_vertical_length=&#8221;0.05em&#8221; header_text_shadow_blur_strength=&#8221;0.22em&#8221; header_text_shadow_color=&#8221;#002a4f&#8221;]<\/p>\n<h3 class=\"vc_custom_heading font-pier-light\">ECO-CAPTATION, a growing environmental impact<\/h3>\n<div class=\"vc_row wpb_row vc_inner vc_row-fluid\">\n<div class=\"wpb_column vc_column_container vc_col-sm-8\">\n<div class=\"vc_column-inner\">\n<div class=\"wpb_wrapper\">\n<div class=\"wpb_text_column wpb_content_element \">\n<div class=\"wpb_wrapper\">\n<div class=\"custom-arrow-list\">\n<p style=\"text-align: justify;\">Depuis le lancement de notre service d\u2019\u00e9co-captation, nous sommes pass\u00e9s de 5 \u00e0 30 employ\u00e9s! La demande est croissante et de plus en plus de citoyens, d\u2019entreprises et d\u2019institutions souhaitent faire leur part.<\/p>\n<ul>\n<li style=\"text-align: justify;\">En 2017, nous avons d\u00e9tourn\u00e9 plus de 6 tonnes de polystyr\u00e8ne des sites d\u2019enfouissement pour leur donner une seconde vie.<\/li>\n<li style=\"text-align: justify;\">En 2018, nous avons r\u00e9cup\u00e9r\u00e9 pr\u00e8s de 300 tonnes de polystyr\u00e8ne (l\u2019\u00e9quivalent de deux terrains de football!)<\/li>\n<li style=\"text-align: justify;\">La MRC des Laurentides a r\u00e9cemment ajout\u00e9 12 nouveaux sites pour r\u00e9cup\u00e9rer le polystyr\u00e8ne.<\/li>\n<\/ul>\n<\/div>\n<\/div>\n<\/div>\n<\/div>\n<\/div>\n<\/div>\n<\/div>\n<p>[\/et_pb_text][\/et_pb_column][et_pb_column type=&#8221;2_5&#8243; _builder_version=&#8221;3.25&#8243; custom_padding=&#8221;|||&#8221; custom_padding__hover=&#8221;|||&#8221;][et_pb_image src=&#8221;https:\/\/groupegagnon.ca\/wp-content\/uploads\/2020\/08\/Color-i\u0302cones-GG-Finale-02.png&#8221; title_text=&#8221;Color-i\u0302cones-GG-Finale-02&#8243; align=&#8221;center&#8221; _builder_version=&#8221;4.5.6&#8243; _module_preset=&#8221;default&#8221; width=&#8221;91%&#8221; custom_padding=&#8221;0px|||||&#8221;][\/et_pb_image][\/et_pb_column][\/et_pb_row][\/et_pb_section][et_pb_section fb_built=&#8221;1&#8243; prev_background_color=&#8221;#ffffff&#8221; admin_label=&#8221;Our Services&#8221; _builder_version=&#8221;4.5.6&#8243; background_color=&#8221;#88c4dd&#8221; use_background_color_gradient=&#8221;on&#8221; background_color_gradient_start=&#8221;rgba(46,169,221,0.63)&#8221; background_color_gradient_end=&#8221;rgba(152,208,224,0.53)&#8221; background_color_gradient_direction=&#8221;227deg&#8221; background_color_gradient_end_position=&#8221;39%&#8221; background_color_gradient_overlays_image=&#8221;on&#8221; background_image=&#8221;https:\/\/groupegagnon.ca\/wp-content\/uploads\/2020\/08\/eco-captation-1024&#215;606-1.jpg&#8221; min_height=&#8221;310px&#8221; custom_margin=&#8221;||-1px|||&#8221; custom_padding=&#8221;116px|0px|8px|0px||&#8221; top_divider_style=&#8221;wave2&#8243;][et_pb_row _builder_version=&#8221;4.5.6&#8243; _module_preset=&#8221;default&#8221;][et_pb_column type=&#8221;4_4&#8243; _builder_version=&#8221;4.5.6&#8243; _module_preset=&#8221;default&#8221;][et_pb_text _builder_version=&#8221;4.5.6&#8243; _module_preset=&#8221;default&#8221; header_2_text_color=&#8221;#ffffff&#8221; header_2_font_size=&#8221;31px&#8221; header_3_text_color=&#8221;#82ddff&#8221;]<\/p>\n<h2 class=\"vc_custom_heading parallax-title vc_custom_1575393021788\" style=\"text-align: center;\">BE PART OF THE SOLUTION!<\/h2>\n<h3>Simply clean your polystyrene properly, then bring it to one of the many eco-centers participating in our eco-captation.<\/h3>\n<p>[\/et_pb_text][et_pb_image src=&#8221;https:\/\/groupegagnon.ca\/wp-content\/uploads\/2020\/08\/EcoCaptation-1024&#215;160-1.png&#8221; title_text=&#8221;EcoCaptation-1024&#215;160&#8243; align=&#8221;center&#8221; _builder_version=&#8221;4.5.6&#8243; _module_preset=&#8221;default&#8221; width=&#8221;42%&#8221;][\/et_pb_image][\/et_pb_column][\/et_pb_row][et_pb_row column_structure=&#8221;1_4,1_4,1_4,1_4&#8243; _builder_version=&#8221;4.5.6&#8243; _module_preset=&#8221;default&#8221;][et_pb_column type=&#8221;1_4&#8243; _builder_version=&#8221;4.5.6&#8243; _module_preset=&#8221;default&#8221;][\/et_pb_column][et_pb_column type=&#8221;1_4&#8243; _builder_version=&#8221;4.5.6&#8243; _module_preset=&#8221;default&#8221;][et_pb_text _builder_version=&#8221;4.5.6&#8243; _module_preset=&#8221;default&#8221; header_2_text_color=&#8221;#ffffff&#8221; header_2_font_size=&#8221;31px&#8221; header_3_text_color=&#8221;#ffffff&#8221;]<\/p>\n<h3 style=\"text-align: center;\"><span>Montr\u00e9al<\/span><br \/> <span>Laval<\/span><br \/> <span>Rive-Sud<\/span><br \/> <span>Laurentides<\/span><\/h3>\n<p>[\/et_pb_text][\/et_pb_column][et_pb_column type=&#8221;1_4&#8243; _builder_version=&#8221;4.5.6&#8243; _module_preset=&#8221;default&#8221;][et_pb_text _builder_version=&#8221;4.5.6&#8243; _module_preset=&#8221;default&#8221; header_2_text_color=&#8221;#ffffff&#8221; header_2_font_size=&#8221;31px&#8221; header_3_text_color=&#8221;#ffffff&#8221;]<\/p>\n<h3 style=\"text-align: center;\"><span>Lanaudi\u00e8re<\/span><br \/> <span>Mont\u00e9r\u00e9gie<\/span><\/p>\n<\/h3>\n<p>[\/et_pb_text][\/et_pb_column][et_pb_column type=&#8221;1_4&#8243; _builder_version=&#8221;4.5.6&#8243; _module_preset=&#8221;default&#8221;][\/et_pb_column][\/et_pb_row][\/et_pb_section]<\/p>\n","protected":false},"excerpt":{"rendered":"<p>ECO-CAPTATION&#8230; Our new polystyrene recycling service. A concrete example of polystyrene recycling opportunities with this concrete flowerpot. At Groupe Gagnon, we always want to push the limits of polystyrene further by packaging this material. Our concept is based on a virtuous circle as well as the traceability of the recycled product.We have developed a technology [&hellip;]<\/p>\n","protected":false},"author":1,"featured_media":0,"parent":0,"menu_order":0,"comment_status":"closed","ping_status":"closed","template":"","meta":{"_et_pb_use_builder":"on","_et_pb_old_content":"","_et_gb_content_width":"","footnotes":""},"class_list":["post-2292","page","type-page","status-publish","hentry"],"yoast_head":"<!-- This site is optimized with the Yoast SEO plugin v23.1 - https:\/\/yoast.com\/wordpress\/plugins\/seo\/ -->\n<title>\u00c9co-Captation - Groupe Gagnon<\/title>\n<meta name=\"description\" content=\"ECO-CAPTATION...Our new polystyrene recycling service. Group Gagnon want always to push the limits of polystyrene further by packaging this material.\" \/>\n<meta name=\"robots\" content=\"index, follow, max-snippet:-1, max-image-preview:large, max-video-preview:-1\" \/>\n<link rel=\"canonical\" href=\"https:\/\/groupegagnon.ca\/en\/eco-captation\/\" \/>\n<meta property=\"og:locale\" content=\"en_US\" \/>\n<meta property=\"og:type\" content=\"article\" \/>\n<meta property=\"og:title\" content=\"\u00c9co-Captation - Groupe Gagnon\" \/>\n<meta property=\"og:description\" content=\"ECO-CAPTATION...Our new polystyrene recycling service. Group Gagnon want always to push the limits of polystyrene further by packaging this material.\" \/>\n<meta property=\"og:url\" content=\"https:\/\/groupegagnon.ca\/en\/eco-captation\/\" \/>\n<meta property=\"og:site_name\" content=\"Groupe Gagnon\" \/>\n<meta property=\"article:modified_time\" content=\"2021-03-07T20:31:07+00:00\" \/>\n<meta name=\"twitter:card\" content=\"summary_large_image\" \/>\n<meta name=\"twitter:label1\" content=\"Est. reading time\" \/>\n\t<meta name=\"twitter:data1\" content=\"6 minutes\" \/>\n<script type=\"application\/ld+json\" class=\"yoast-schema-graph\">{\"@context\":\"https:\/\/schema.org\",\"@graph\":[{\"@type\":\"WebPage\",\"@id\":\"https:\/\/groupegagnon.ca\/en\/eco-captation\/\",\"url\":\"https:\/\/groupegagnon.ca\/en\/eco-captation\/\",\"name\":\"\u00c9co-Captation - Groupe Gagnon\",\"isPartOf\":{\"@id\":\"https:\/\/groupegagnon.ca\/en\/#website\"},\"datePublished\":\"2021-03-07T20:30:58+00:00\",\"dateModified\":\"2021-03-07T20:31:07+00:00\",\"description\":\"ECO-CAPTATION...Our new polystyrene recycling service. Group Gagnon want always to push the limits of polystyrene further by packaging this material.\",\"breadcrumb\":{\"@id\":\"https:\/\/groupegagnon.ca\/en\/eco-captation\/#breadcrumb\"},\"inLanguage\":\"en-US\",\"potentialAction\":[{\"@type\":\"ReadAction\",\"target\":[\"https:\/\/groupegagnon.ca\/en\/eco-captation\/\"]}]},{\"@type\":\"BreadcrumbList\",\"@id\":\"https:\/\/groupegagnon.ca\/en\/eco-captation\/#breadcrumb\",\"itemListElement\":[{\"@type\":\"ListItem\",\"position\":1,\"name\":\"Home\",\"item\":\"https:\/\/groupegagnon.ca\/en\/\"},{\"@type\":\"ListItem\",\"position\":2,\"name\":\"\u00c9co-Captation\"}]},{\"@type\":\"WebSite\",\"@id\":\"https:\/\/groupegagnon.ca\/en\/#website\",\"url\":\"https:\/\/groupegagnon.ca\/en\/\",\"name\":\"Groupe Gagnon\",\"description\":\"RECYCLAGE, D\u00c9CHIQUETAGE ET D\u2019ENTREPOSAGE \u00c9COLOGIQUES\",\"potentialAction\":[{\"@type\":\"SearchAction\",\"target\":{\"@type\":\"EntryPoint\",\"urlTemplate\":\"https:\/\/groupegagnon.ca\/en\/?s={search_term_string}\"},\"query-input\":\"required name=search_term_string\"}],\"inLanguage\":\"en-US\"}]}<\/script>\n<!-- \/ Yoast SEO plugin. -->","yoast_head_json":{"title":"\u00c9co-Captation - Groupe Gagnon","description":"ECO-CAPTATION...Our new polystyrene recycling service. Group Gagnon want always to push the limits of polystyrene further by packaging this material.","robots":{"index":"index","follow":"follow","max-snippet":"max-snippet:-1","max-image-preview":"max-image-preview:large","max-video-preview":"max-video-preview:-1"},"canonical":"https:\/\/groupegagnon.ca\/en\/eco-captation\/","og_locale":"en_US","og_type":"article","og_title":"\u00c9co-Captation - Groupe Gagnon","og_description":"ECO-CAPTATION...Our new polystyrene recycling service. Group Gagnon want always to push the limits of polystyrene further by packaging this material.","og_url":"https:\/\/groupegagnon.ca\/en\/eco-captation\/","og_site_name":"Groupe Gagnon","article_modified_time":"2021-03-07T20:31:07+00:00","twitter_card":"summary_large_image","twitter_misc":{"Est. reading time":"6 minutes"},"schema":{"@context":"https:\/\/schema.org","@graph":[{"@type":"WebPage","@id":"https:\/\/groupegagnon.ca\/en\/eco-captation\/","url":"https:\/\/groupegagnon.ca\/en\/eco-captation\/","name":"\u00c9co-Captation - Groupe Gagnon","isPartOf":{"@id":"https:\/\/groupegagnon.ca\/en\/#website"},"datePublished":"2021-03-07T20:30:58+00:00","dateModified":"2021-03-07T20:31:07+00:00","description":"ECO-CAPTATION...Our new polystyrene recycling service. Group Gagnon want always to push the limits of polystyrene further by packaging this material.","breadcrumb":{"@id":"https:\/\/groupegagnon.ca\/en\/eco-captation\/#breadcrumb"},"inLanguage":"en-US","potentialAction":[{"@type":"ReadAction","target":["https:\/\/groupegagnon.ca\/en\/eco-captation\/"]}]},{"@type":"BreadcrumbList","@id":"https:\/\/groupegagnon.ca\/en\/eco-captation\/#breadcrumb","itemListElement":[{"@type":"ListItem","position":1,"name":"Home","item":"https:\/\/groupegagnon.ca\/en\/"},{"@type":"ListItem","position":2,"name":"\u00c9co-Captation"}]},{"@type":"WebSite","@id":"https:\/\/groupegagnon.ca\/en\/#website","url":"https:\/\/groupegagnon.ca\/en\/","name":"Groupe Gagnon","description":"RECYCLAGE, D\u00c9CHIQUETAGE ET D\u2019ENTREPOSAGE \u00c9COLOGIQUES","potentialAction":[{"@type":"SearchAction","target":{"@type":"EntryPoint","urlTemplate":"https:\/\/groupegagnon.ca\/en\/?s={search_term_string}"},"query-input":"required name=search_term_string"}],"inLanguage":"en-US"}]}},"_links":{"self":[{"href":"https:\/\/groupegagnon.ca\/en\/wp-json\/wp\/v2\/pages\/2292","targetHints":{"allow":["GET"]}}],"collection":[{"href":"https:\/\/groupegagnon.ca\/en\/wp-json\/wp\/v2\/pages"}],"about":[{"href":"https:\/\/groupegagnon.ca\/en\/wp-json\/wp\/v2\/types\/page"}],"author":[{"embeddable":true,"href":"https:\/\/groupegagnon.ca\/en\/wp-json\/wp\/v2\/users\/1"}],"replies":[{"embeddable":true,"href":"https:\/\/groupegagnon.ca\/en\/wp-json\/wp\/v2\/comments?post=2292"}],"version-history":[{"count":7,"href":"https:\/\/groupegagnon.ca\/en\/wp-json\/wp\/v2\/pages\/2292\/revisions"}],"predecessor-version":[{"id":2300,"href":"https:\/\/groupegagnon.ca\/en\/wp-json\/wp\/v2\/pages\/2292\/revisions\/2300"}],"wp:attachment":[{"href":"https:\/\/groupegagnon.ca\/en\/wp-json\/wp\/v2\/media?parent=2292"}],"curies":[{"name":"wp","href":"https:\/\/api.w.org\/{rel}","templated":true}]}}