{"id":2244,"date":"2021-03-07T13:59:07","date_gmt":"2021-03-07T18:59:07","guid":{"rendered":"https:\/\/groupegagnon.ca\/entreprise\/"},"modified":"2021-03-07T14:03:14","modified_gmt":"2021-03-07T19:03:14","slug":"entreprise","status":"publish","type":"page","link":"https:\/\/groupegagnon.ca\/en\/entreprise\/","title":{"rendered":"Entreprise"},"content":{"rendered":"<p>[et_pb_section fb_built=&#8221;1&#8243; next_background_color=&#8221;#88c4dd&#8221; _builder_version=&#8221;4.5.6&#8243; _module_preset=&#8221;default&#8221; background_image=&#8221;https:\/\/groupegagnon.ca\/wp-content\/uploads\/2020\/08\/ours.jpg&#8221; custom_padding=&#8221;||0px|||&#8221; bottom_divider_style=&#8221;curve2&#8243;][et_pb_row column_structure=&#8221;2_5,3_5&#8243; _builder_version=&#8221;4.5.6&#8243; _module_preset=&#8221;default&#8221; min_height=&#8221;879px&#8221; custom_padding=&#8221;181px||0px|||&#8221;][et_pb_column type=&#8221;2_5&#8243; _builder_version=&#8221;4.5.6&#8243; _module_preset=&#8221;default&#8221;][\/et_pb_column][et_pb_column type=&#8221;3_5&#8243; _builder_version=&#8221;4.5.6&#8243; _module_preset=&#8221;default&#8221;][et_pb_text _builder_version=&#8221;4.5.6&#8243; _module_preset=&#8221;default&#8221; header_font=&#8221;|700|||||||&#8221; header_text_color=&#8221;#ffffff&#8221; header_font_size=&#8221;50px&#8221; header_2_font=&#8221;Poppins|500|||||||&#8221; header_2_font_size=&#8221;38px&#8221; header_2_line_height=&#8221;1.3em&#8221; header_3_font=&#8221;||||||||&#8221; header_3_text_color=&#8221;#88c4dd&#8221; header_3_font_size=&#8221;25px&#8221; header_4_font=&#8221;|700|||||||&#8221; header_4_text_color=&#8221;#4f7382&#8243; header_4_font_size=&#8221;21px&#8221; header_5_text_color=&#8221;#00457a&#8221; header_text_shadow_style=&#8221;preset2&#8243; header_text_shadow_horizontal_length=&#8221;0.03em&#8221; header_text_shadow_vertical_length=&#8221;0.05em&#8221; header_text_shadow_blur_strength=&#8221;0.22em&#8221; header_text_shadow_color=&#8221;#002a4f&#8221;]<\/p>\n<h1>Learn more about the Gagnon Group family!<\/h1>\n<p>[\/et_pb_text][\/et_pb_column][\/et_pb_row][\/et_pb_section][et_pb_section fb_built=&#8221;1&#8243; next_background_color=&#8221;#ffffff&#8221; admin_label=&#8221;Our Services&#8221; _builder_version=&#8221;4.5.6&#8243; background_color=&#8221;#88c4dd&#8221; use_background_color_gradient=&#8221;on&#8221; background_color_gradient_start=&#8221;rgba(46,169,221,0.45)&#8221; background_color_gradient_end=&#8221;#8bcde0&#8243; custom_padding=&#8221;0px|0px|11px|0px||&#8221; bottom_divider_style=&#8221;curve&#8221;][et_pb_row admin_label=&#8221;New standard of payments&#8221; _builder_version=&#8221;3.25&#8243; custom_padding=&#8221;42px|||||&#8221;][et_pb_column type=&#8221;4_4&#8243; _builder_version=&#8221;3.25&#8243; custom_padding=&#8221;|||&#8221; custom_padding__hover=&#8221;|||&#8221;][et_pb_text _builder_version=&#8221;4.5.6&#8243; text_font=&#8221;PT Sans||||||||&#8221; text_text_color=&#8221;rgba(255,255,255,0.7)&#8221; text_font_size=&#8221;18px&#8221; text_line_height=&#8221;1.8em&#8221; header_font=&#8221;||||||||&#8221; header_text_color=&#8221;#e02b20&#8243; header_2_font=&#8221;Poppins|500|||||||&#8221; header_2_text_color=&#8221;#0f4c70&#8243; header_2_font_size=&#8221;38px&#8221; header_2_line_height=&#8221;1.3em&#8221; header_3_font=&#8221;||||||||&#8221; header_4_font=&#8221;||||||||&#8221; text_orientation=&#8221;center&#8221; background_layout=&#8221;dark&#8221; max_width=&#8221;700px&#8221; module_alignment=&#8221;center&#8221;]<\/p>\n<h2 class=\"vc_custom_heading font-pier-regular vc_custom_1568494919967\"><strong>The Groupe Gagnon team<\/strong><\/h2>\n<h3>THE MANAGEMENT<\/h3>\n<p>[\/et_pb_text][\/et_pb_column][\/et_pb_row][et_pb_row column_structure=&#8221;1_3,1_3,1_3&#8243; use_custom_gutter=&#8221;on&#8221; gutter_width=&#8221;2&#8243; _builder_version=&#8221;4.5.6&#8243; custom_padding=&#8221;2px|||||&#8221;][et_pb_column type=&#8221;1_3&#8243; _builder_version=&#8221;4.5.6&#8243; background_color=&#8221;rgba(255,255,255,0.25)&#8221; custom_padding=&#8221;30px|30px|30px|30px&#8221; custom_padding__hover=&#8221;|||&#8221;][et_pb_blurb title=&#8221; Andr\u00e9 Gagnon, Pr\u00e9sident&#8221; image=&#8221;https:\/\/groupegagnon.ca\/wp-content\/uploads\/2020\/08\/Andre.jpg.png&#8221; image_max_width=&#8221;66%&#8221; content_max_width=&#8221;284px&#8221; _builder_version=&#8221;4.5.6&#8243; header_font=&#8221;PT Sans|700|||||||&#8221; header_line_height=&#8221;25px&#8221; body_font=&#8221;|700|||||||&#8221; body_text_align=&#8221;left&#8221; body_text_color=&#8221;#00275b&#8221; body_font_size=&#8221;16px&#8221; body_line_height=&#8221;1.8em&#8221; text_orientation=&#8221;center&#8221; background_layout=&#8221;dark&#8221; width=&#8221;100%&#8221; module_alignment=&#8221;center&#8221; custom_margin=&#8221;|||&#8221; custom_padding=&#8221;|||&#8221; animation_style=&#8221;slide&#8221; animation_direction=&#8221;bottom&#8221; animation_intensity_slide=&#8221;10%&#8221; animation=&#8221;off&#8221; hover_enabled=&#8221;0&#8243;]<\/p>\n<ul>\n<li>Instructor pilot on military jets 1960 to 1966.<br \/>Airliner pilot 1966 to 1993.<\/li>\n<li>Owner of a private swimming school 1973 to 1983.<\/li>\n<li>Owner of a shopping center and reception halls 1978 to 1988.<\/li>\n<li>Owner of a restaurant business 1990 to 2009.<\/li>\n<li>Co-owner of a storage site of all kinds 2005 to 2019.<\/li>\n<li>Co-owner of a confidential and nominative paper protection and shredding company 2010 to today.<\/li>\n<li>Co-owner of a polystyrene recovery and recycling business from 2015 to today.<\/li>\n<\/ul>\n<p>[\/et_pb_blurb][\/et_pb_column][et_pb_column type=&#8221;1_3&#8243; _builder_version=&#8221;3.25&#8243; background_color=&#8221;rgba(255,255,255,0.25)&#8221; custom_padding=&#8221;30px|30px|30px|30px&#8221; custom_padding__hover=&#8221;|||&#8221;][et_pb_blurb title=&#8221;Sylvain Gagnon, Vice-pr\u00e9sident&#8221; image=&#8221;https:\/\/groupegagnon.ca\/wp-content\/uploads\/2020\/08\/Sylvain-1024&#215;1024.jpeg.png&#8221; image_max_width=&#8221;66%&#8221; content_max_width=&#8221;284px&#8221; _builder_version=&#8221;4.5.6&#8243; header_font=&#8221;PT Sans|700|||||||&#8221; header_line_height=&#8221;25px&#8221; body_font=&#8221;|700|||||||&#8221; body_text_align=&#8221;left&#8221; body_text_color=&#8221;#00275b&#8221; body_font_size=&#8221;16px&#8221; body_line_height=&#8221;1.8em&#8221; text_orientation=&#8221;center&#8221; background_layout=&#8221;dark&#8221; width=&#8221;100%&#8221; module_alignment=&#8221;center&#8221; custom_margin=&#8221;|||&#8221; custom_padding=&#8221;|||&#8221; animation_style=&#8221;slide&#8221; animation_direction=&#8221;bottom&#8221; animation_intensity_slide=&#8221;10%&#8221; animation=&#8221;off&#8221; hover_enabled=&#8221;0&#8243;]<\/p>\n<ul>\n<li>Professional cameraman 1993-2007.<\/li>\n<li>Employee of the Year of the Sainte-Ad\u00e8le Chamber of Commerce 2008.<\/li>\n<li>Owner of commercial buildings 2005 to today.<\/li>\n<li>Co-owner of a storage site of all kinds 2005 to 2019.<\/li>\n<li>Co-owner of a confidential and nominative paper protection and shredding company 2015 to today.<\/li>\n<li>Co-owner of a polystyrene recovery and recycling company 2015 to today.<\/li>\n<\/ul>\n<p>[\/et_pb_blurb][\/et_pb_column][et_pb_column type=&#8221;1_3&#8243; _builder_version=&#8221;3.25&#8243; background_color=&#8221;rgba(255,255,255,0.25)&#8221; custom_padding=&#8221;30px|30px|30px|30px&#8221; custom_padding__hover=&#8221;|||&#8221;][et_pb_blurb title=&#8221;Gilles Venne, directeur du d\u00e9veloppement&#8221; image=&#8221;https:\/\/groupegagnon.ca\/wp-content\/uploads\/2020\/08\/Gilles-1024&#215;1024.jpg.png&#8221; image_max_width=&#8221;66%&#8221; content_max_width=&#8221;284px&#8221; _builder_version=&#8221;4.5.6&#8243; header_font=&#8221;PT Sans|700|||||||&#8221; header_line_height=&#8221;25px&#8221; body_font=&#8221;|700|||||||&#8221; body_text_align=&#8221;left&#8221; body_text_color=&#8221;#00275b&#8221; body_font_size=&#8221;16px&#8221; body_line_height=&#8221;1.8em&#8221; text_orientation=&#8221;center&#8221; background_layout=&#8221;dark&#8221; width=&#8221;100%&#8221; module_alignment=&#8221;center&#8221; custom_margin=&#8221;|||&#8221; custom_padding=&#8221;|||&#8221; animation_style=&#8221;slide&#8221; animation_direction=&#8221;bottom&#8221; animation_intensity_slide=&#8221;10%&#8221; animation=&#8221;off&#8221; hover_enabled=&#8221;0&#8243;]<\/p>\n<ul>\n<li>Childhood: in symbiosis with nature and animals on a farm.<\/li>\n<li>Operator and truck driver for various companies offering environmental services 1988-2001.<\/li>\n<li>Plant manager at Innovation Recycle 2001-2003.<\/li>\n<li>Multi-materials recovery manager at Groupe Cascades 2013-2012.<\/li>\n<li>Director of recycling development at BFI 2012-2015.<\/li>\n<li>Director of Development and Human Resources at Groupe Gagnon 2015 to present.<\/li>\n<li>Co-owner of a confidential and nominative paper protection and shredding company 2015 to today.<\/li>\n<li>Co-owner of a polystyrene recovery and recycling company 2015 to today.<\/li>\n<\/ul>\n<p>[\/et_pb_blurb][\/et_pb_column][\/et_pb_row][\/et_pb_section][et_pb_section fb_built=&#8221;1&#8243; admin_label=&#8221;Feature Image Left&#8221; _builder_version=&#8221;4.5.6&#8243; background_enable_color=&#8221;off&#8221;][et_pb_row column_structure=&#8221;1_2,1_2&#8243; _builder_version=&#8221;3.25&#8243; custom_margin=&#8221;|||&#8221; custom_padding=&#8221;77px|||||&#8221;][et_pb_column type=&#8221;1_2&#8243; _builder_version=&#8221;3.25&#8243; custom_padding=&#8221;|||&#8221; custom_padding__hover=&#8221;|||&#8221;][et_pb_image src=&#8221;https:\/\/groupegagnon.ca\/wp-content\/uploads\/2020\/08\/illustration-recycle.jpg&#8221; title_text=&#8221;illustration-recycle&#8221; _builder_version=&#8221;4.5.6&#8243; _module_preset=&#8221;default&#8221;][\/et_pb_image][\/et_pb_column][et_pb_column type=&#8221;1_2&#8243; _builder_version=&#8221;3.25&#8243; custom_padding=&#8221;|||&#8221; custom_padding__hover=&#8221;|||&#8221;][et_pb_text _builder_version=&#8221;4.5.6&#8243; text_font=&#8221;PT Sans||||||||&#8221; text_text_color=&#8221;#00457a&#8221; text_font_size=&#8221;18px&#8221; text_line_height=&#8221;1.8em&#8221; header_font=&#8221;||||||||&#8221; header_text_color=&#8221;#88c4dd&#8221; header_2_font=&#8221;Poppins|500|||||||&#8221; header_2_font_size=&#8221;38px&#8221; header_2_line_height=&#8221;1.3em&#8221; header_3_font=&#8221;||||||||&#8221; header_3_text_color=&#8221;#88c4dd&#8221; header_4_font=&#8221;||||||||&#8221; header_4_text_color=&#8221;#88c4dd&#8221; header_5_text_color=&#8221;#00457a&#8221; background_layout=&#8221;dark&#8221;]<\/p>\n<h3>Valuing materials, giving them a second life and reducing waste. This is the mission that our large family, woven tightly for the environment, has given itself.<\/h3>\n<p><strong>In addition to helping protect the environment, our team also works to protect your organization&#8217;s confidential and nominative documents.<\/strong><\/p>\n<p><strong>Secure, flexible, affordable and eco-responsible, our shredding, storage and recycling services are a sure value for Quebec businesses.<\/strong><\/p>\n<p>&nbsp;<\/p>\n<p>[\/et_pb_text][\/et_pb_column][\/et_pb_row][\/et_pb_section][et_pb_section fb_built=&#8221;1&#8243; admin_label=&#8221;Our Services&#8221; _builder_version=&#8221;4.5.6&#8243; background_color=&#8221;#88c4dd&#8221; use_background_color_gradient=&#8221;on&#8221; background_color_gradient_start=&#8221;rgba(46,169,221,0.45)&#8221; background_color_gradient_end=&#8221;#8bcde0&#8243; custom_margin=&#8221;||11px|||&#8221; custom_padding=&#8221;0px|0px|11px|0px||&#8221;][et_pb_row admin_label=&#8221;New standard of payments&#8221; _builder_version=&#8221;3.25&#8243; custom_padding=&#8221;42px||22px|||&#8221;][et_pb_column type=&#8221;4_4&#8243; _builder_version=&#8221;3.25&#8243; custom_padding=&#8221;|||&#8221; custom_padding__hover=&#8221;|||&#8221;][et_pb_text _builder_version=&#8221;4.5.6&#8243; text_font=&#8221;PT Sans||||||||&#8221; text_text_color=&#8221;rgba(255,255,255,0.7)&#8221; text_font_size=&#8221;18px&#8221; text_line_height=&#8221;1.8em&#8221; header_font=&#8221;||||||||&#8221; header_2_font=&#8221;Poppins|500|||||||&#8221; header_2_font_size=&#8221;38px&#8221; header_2_line_height=&#8221;1.3em&#8221; header_3_font=&#8221;||||||||&#8221; header_4_font=&#8221;||||||||&#8221; text_orientation=&#8221;center&#8221; background_layout=&#8221;dark&#8221; max_width=&#8221;700px&#8221; module_alignment=&#8221;center&#8221;]<\/p>\n<h2 class=\"vc_custom_heading font-pier-regular vc_custom_1568494919967\">You agree with our values! Join our team&#8230;.<\/h2>\n<p>[\/et_pb_text][\/et_pb_column][\/et_pb_row][et_pb_row column_structure=&#8221;3_5,2_5&#8243; _builder_version=&#8221;4.5.6&#8243; _module_preset=&#8221;default&#8221; custom_padding=&#8221;0px|||||&#8221;][et_pb_column type=&#8221;3_5&#8243; _builder_version=&#8221;4.5.6&#8243; _module_preset=&#8221;default&#8221;][et_pb_text _builder_version=&#8221;4.5.6&#8243; _module_preset=&#8221;default&#8221;]<\/p>\n<h2 class=\"vc_custom_heading font-pier-regular\" style=\"text-align: right;\"><span style=\"color: #ffffff;\">What if you were part of the family?<\/span><\/h2>\n<div class=\"wpb_text_column wpb_content_element \">\n<div class=\"wpb_wrapper\">\n<p style=\"text-align: right;\"><strong>As our business is growing, we are currently looking for new talent to join our team.<\/strong><\/p>\n<p style=\"text-align: right;\"><strong>Do you have strong environmental values? Do you want to innovate in the field of recycling? Then contact us and see if we are made to work together.<\/strong><\/p>\n<\/div>\n<\/div>\n<p>[\/et_pb_text][\/et_pb_column][et_pb_column type=&#8221;2_5&#8243; _builder_version=&#8221;4.5.6&#8243; _module_preset=&#8221;default&#8221;][et_pb_button button_text=&#8221;Let&#8217;s go&#8221; button_alignment=&#8221;left&#8221; _builder_version=&#8221;4.5.6&#8243; _module_preset=&#8221;default&#8221; custom_button=&#8221;on&#8221; button_text_color=&#8221;#ffffff&#8221; custom_margin=&#8221;35px||||false|false&#8221;][\/et_pb_button][\/et_pb_column][\/et_pb_row][\/et_pb_section][et_pb_section fb_built=&#8221;1&#8243; _builder_version=&#8221;4.5.6&#8243; _module_preset=&#8221;default&#8221; background_image=&#8221;https:\/\/groupegagnon.ca\/wp-content\/uploads\/2020\/08\/equipe-overlay-1024&#215;625-1.jpg&#8221; parallax=&#8221;on&#8221; custom_margin=&#8221;-12px|||||&#8221; custom_padding=&#8221;166px||166px||true|&#8221; top_divider_style=&#8221;wave2&#8243; top_divider_color=&#8221;rgba(5,159,193,0.43)&#8221;][et_pb_row _builder_version=&#8221;4.5.6&#8243; _module_preset=&#8221;default&#8221; min_height=&#8221;446px&#8221; custom_margin=&#8221;12px|auto|-21px|auto||&#8221;][et_pb_column type=&#8221;4_4&#8243; _builder_version=&#8221;4.5.6&#8243; _module_preset=&#8221;default&#8221;][et_pb_text _builder_version=&#8221;4.5.6&#8243; _module_preset=&#8221;default&#8221; header_text_color=&#8221;#ffffff&#8221; header_font_size=&#8221;16px&#8221; header_2_text_color=&#8221;#ffffff&#8221; header_2_font_size=&#8221;44px&#8221;]<\/p>\n<h2 class=\"vc_custom_heading parallax-title vc_custom_1568858028752\" style=\"text-align: center;\">A CAREER IN THE WINNING GROUP IS&#8230;<\/h2>\n<p>[\/et_pb_text][et_pb_tabs _builder_version=&#8221;4.5.6&#8243; _module_preset=&#8221;default&#8221; background_color=&#8221;rgba(0,0,0,0)&#8221;][et_pb_tab title=&#8221;Join a fast-growing company&#8221; _builder_version=&#8221;4.5.6&#8243; _module_preset=&#8221;default&#8221;]<\/p>\n<p><span style=\"color: #ffffff;\"><b>We have come a long way since our beginnings. Today, we have become an important player in the world of recycling, shredding and revalorization of materials in Quebec. Come and participate in our growth.<\/b><\/span><\/p>\n<p>[\/et_pb_tab][et_pb_tab title=&#8221;Participate in innovative projects&#8221; _builder_version=&#8221;4.5.6&#8243; _module_preset=&#8221;default&#8221;]<\/p>\n<p><span style=\"color: #ffffff;\"><b>Avec\u00a0<a style=\"color: #ffffff;\" href=\"https:\/\/groupegagnon.net\/eco-captation\/\">With our new eco-capture service, we give a second life to unloved materials. It&#8217;s a small revolution in the world of recycling and circular economy. And it is only the beginning of what we want to accomplish!<\/a><\/b><\/span><\/p>\n<p>[\/et_pb_tab][et_pb_tab title=&#8221;Doing your part for the environment&#8221; _builder_version=&#8221;4.5.6&#8243; _module_preset=&#8221;default&#8221;]<\/p>\n<p><span style=\"color: #ffffff;\"><strong>V<\/strong><b>Are you concerned about making a difference for your planet? Well, so are we. Join our team to promote sustainable development.<\/b><\/span><\/p>\n<p>[\/et_pb_tab][et_pb_tab title=&#8221;A friendly and dynamic environment&#8221; _builder_version=&#8221;4.5.6&#8243; _module_preset=&#8221;default&#8221;]<\/p>\n<p><span style=\"color: #ffffff;\"><strong>Le Groupe Gagnon est une entreprise familiale qui a su transmettre un esprit de camaraderie \u00e0 l\u2019ensemble de son \u00e9quipe. Venez contribuer \u00e0 cette atmosph\u00e8r<\/strong>e stimulante.<\/span><\/p>\n<p>[\/et_pb_tab][\/et_pb_tabs][\/et_pb_column][\/et_pb_row][et_pb_row column_structure=&#8221;1_3,1_3,1_3&#8243; _builder_version=&#8221;4.5.6&#8243; _module_preset=&#8221;default&#8221; custom_margin=&#8221;-117px|auto||auto||&#8221;][et_pb_column type=&#8221;1_3&#8243; _builder_version=&#8221;4.5.6&#8243; _module_preset=&#8221;default&#8221;][et_pb_text _builder_version=&#8221;4.5.6&#8243; _module_preset=&#8221;default&#8221; header_4_text_color=&#8221;#ffffff&#8221; header_4_font_size=&#8221;21px&#8221;]<\/p>\n<h4 style=\"text-align: center;\">\u00a0<\/h4>\n<p>.<\/p>\n<p>[\/et_pb_text][\/et_pb_column][et_pb_column type=&#8221;1_3&#8243; _builder_version=&#8221;4.5.6&#8243; _module_preset=&#8221;default&#8221;][et_pb_cta title=&#8221;Join our team&#8221; button_url=&#8221;#&#8221; button_text=&#8221;The story start here&#8221; _builder_version=&#8221;4.5.6&#8243; _module_preset=&#8221;default&#8221;]<\/p>\n<h4 style=\"text-align: center;\"><strong>Join a fast-growing company<\/strong><\/h4>\n<h4 style=\"text-align: center;\"><strong>Participate in innovative projects<\/strong><\/h4>\n<h4 style=\"text-align: center;\"><strong>Do your part for the environment<\/strong><\/h4>\n<h4 style=\"text-align: center;\"><strong>Work in a friendly and dynamic environment<\/strong><\/h4>\n<p>[\/et_pb_cta][\/et_pb_column][et_pb_column type=&#8221;1_3&#8243; _builder_version=&#8221;4.5.6&#8243; _module_preset=&#8221;default&#8221;][\/et_pb_column][\/et_pb_row][\/et_pb_section]<\/p>\n","protected":false},"excerpt":{"rendered":"<p>Learn more about the Gagnon Group family!The Groupe Gagnon team THE MANAGEMENT Instructor pilot on military jets 1960 to 1966.Airliner pilot 1966 to 1993. Owner of a private swimming school 1973 to 1983. Owner of a shopping center and reception halls 1978 to 1988. Owner of a restaurant business 1990 to 2009. Co-owner of a [&hellip;]<\/p>\n","protected":false},"author":1,"featured_media":0,"parent":0,"menu_order":0,"comment_status":"closed","ping_status":"closed","template":"","meta":{"_et_pb_use_builder":"on","_et_pb_old_content":"","_et_gb_content_width":"","footnotes":""},"class_list":["post-2244","page","type-page","status-publish","hentry"],"yoast_head":"<!-- This site is optimized with the Yoast SEO plugin v23.1 - https:\/\/yoast.com\/wordpress\/plugins\/seo\/ -->\n<title>Une entreprise engag\u00e9e pour un futur plus \u00e9cologique\u2026 - Groupe Gagnon<\/title>\n<meta name=\"description\" content=\"A company committed to a greener future...Learn more about the Groupe Gagnon family!\" \/>\n<meta name=\"robots\" content=\"index, follow, max-snippet:-1, max-image-preview:large, max-video-preview:-1\" \/>\n<link rel=\"canonical\" href=\"https:\/\/groupegagnon.ca\/en\/entreprise\/\" \/>\n<meta property=\"og:locale\" content=\"en_US\" \/>\n<meta property=\"og:type\" content=\"article\" \/>\n<meta property=\"og:title\" content=\"Une entreprise engag\u00e9e pour un futur plus \u00e9cologique\u2026 - Groupe Gagnon\" \/>\n<meta property=\"og:description\" content=\"A company committed to a greener future...Learn more about the Groupe Gagnon family!\" \/>\n<meta property=\"og:url\" content=\"https:\/\/groupegagnon.ca\/en\/entreprise\/\" \/>\n<meta property=\"og:site_name\" content=\"Groupe Gagnon\" \/>\n<meta property=\"article:modified_time\" content=\"2021-03-07T19:03:14+00:00\" \/>\n<meta name=\"twitter:card\" content=\"summary_large_image\" \/>\n<meta name=\"twitter:label1\" content=\"Est. reading time\" \/>\n\t<meta name=\"twitter:data1\" content=\"9 minutes\" \/>\n<script type=\"application\/ld+json\" class=\"yoast-schema-graph\">{\"@context\":\"https:\/\/schema.org\",\"@graph\":[{\"@type\":\"WebPage\",\"@id\":\"https:\/\/groupegagnon.ca\/en\/entreprise\/\",\"url\":\"https:\/\/groupegagnon.ca\/en\/entreprise\/\",\"name\":\"Une entreprise engag\u00e9e pour un futur plus \u00e9cologique\u2026 - Groupe Gagnon\",\"isPartOf\":{\"@id\":\"https:\/\/groupegagnon.ca\/en\/#website\"},\"datePublished\":\"2021-03-07T18:59:07+00:00\",\"dateModified\":\"2021-03-07T19:03:14+00:00\",\"description\":\"A company committed to a greener future...Learn more about the Groupe Gagnon family!\",\"breadcrumb\":{\"@id\":\"https:\/\/groupegagnon.ca\/en\/entreprise\/#breadcrumb\"},\"inLanguage\":\"en-US\",\"potentialAction\":[{\"@type\":\"ReadAction\",\"target\":[\"https:\/\/groupegagnon.ca\/en\/entreprise\/\"]}]},{\"@type\":\"BreadcrumbList\",\"@id\":\"https:\/\/groupegagnon.ca\/en\/entreprise\/#breadcrumb\",\"itemListElement\":[{\"@type\":\"ListItem\",\"position\":1,\"name\":\"Home\",\"item\":\"https:\/\/groupegagnon.ca\/en\/\"},{\"@type\":\"ListItem\",\"position\":2,\"name\":\"Entreprise\"}]},{\"@type\":\"WebSite\",\"@id\":\"https:\/\/groupegagnon.ca\/en\/#website\",\"url\":\"https:\/\/groupegagnon.ca\/en\/\",\"name\":\"Groupe Gagnon\",\"description\":\"RECYCLAGE, D\u00c9CHIQUETAGE ET D\u2019ENTREPOSAGE \u00c9COLOGIQUES\",\"potentialAction\":[{\"@type\":\"SearchAction\",\"target\":{\"@type\":\"EntryPoint\",\"urlTemplate\":\"https:\/\/groupegagnon.ca\/en\/?s={search_term_string}\"},\"query-input\":\"required name=search_term_string\"}],\"inLanguage\":\"en-US\"}]}<\/script>\n<!-- \/ Yoast SEO plugin. -->","yoast_head_json":{"title":"Une entreprise engag\u00e9e pour un futur plus \u00e9cologique\u2026 - Groupe Gagnon","description":"A company committed to a greener future...Learn more about the Groupe Gagnon family!","robots":{"index":"index","follow":"follow","max-snippet":"max-snippet:-1","max-image-preview":"max-image-preview:large","max-video-preview":"max-video-preview:-1"},"canonical":"https:\/\/groupegagnon.ca\/en\/entreprise\/","og_locale":"en_US","og_type":"article","og_title":"Une entreprise engag\u00e9e pour un futur plus \u00e9cologique\u2026 - Groupe Gagnon","og_description":"A company committed to a greener future...Learn more about the Groupe Gagnon family!","og_url":"https:\/\/groupegagnon.ca\/en\/entreprise\/","og_site_name":"Groupe Gagnon","article_modified_time":"2021-03-07T19:03:14+00:00","twitter_card":"summary_large_image","twitter_misc":{"Est. reading time":"9 minutes"},"schema":{"@context":"https:\/\/schema.org","@graph":[{"@type":"WebPage","@id":"https:\/\/groupegagnon.ca\/en\/entreprise\/","url":"https:\/\/groupegagnon.ca\/en\/entreprise\/","name":"Une entreprise engag\u00e9e pour un futur plus \u00e9cologique\u2026 - Groupe Gagnon","isPartOf":{"@id":"https:\/\/groupegagnon.ca\/en\/#website"},"datePublished":"2021-03-07T18:59:07+00:00","dateModified":"2021-03-07T19:03:14+00:00","description":"A company committed to a greener future...Learn more about the Groupe Gagnon family!","breadcrumb":{"@id":"https:\/\/groupegagnon.ca\/en\/entreprise\/#breadcrumb"},"inLanguage":"en-US","potentialAction":[{"@type":"ReadAction","target":["https:\/\/groupegagnon.ca\/en\/entreprise\/"]}]},{"@type":"BreadcrumbList","@id":"https:\/\/groupegagnon.ca\/en\/entreprise\/#breadcrumb","itemListElement":[{"@type":"ListItem","position":1,"name":"Home","item":"https:\/\/groupegagnon.ca\/en\/"},{"@type":"ListItem","position":2,"name":"Entreprise"}]},{"@type":"WebSite","@id":"https:\/\/groupegagnon.ca\/en\/#website","url":"https:\/\/groupegagnon.ca\/en\/","name":"Groupe Gagnon","description":"RECYCLAGE, D\u00c9CHIQUETAGE ET D\u2019ENTREPOSAGE \u00c9COLOGIQUES","potentialAction":[{"@type":"SearchAction","target":{"@type":"EntryPoint","urlTemplate":"https:\/\/groupegagnon.ca\/en\/?s={search_term_string}"},"query-input":"required name=search_term_string"}],"inLanguage":"en-US"}]}},"_links":{"self":[{"href":"https:\/\/groupegagnon.ca\/en\/wp-json\/wp\/v2\/pages\/2244","targetHints":{"allow":["GET"]}}],"collection":[{"href":"https:\/\/groupegagnon.ca\/en\/wp-json\/wp\/v2\/pages"}],"about":[{"href":"https:\/\/groupegagnon.ca\/en\/wp-json\/wp\/v2\/types\/page"}],"author":[{"embeddable":true,"href":"https:\/\/groupegagnon.ca\/en\/wp-json\/wp\/v2\/users\/1"}],"replies":[{"embeddable":true,"href":"https:\/\/groupegagnon.ca\/en\/wp-json\/wp\/v2\/comments?post=2244"}],"version-history":[{"count":5,"href":"https:\/\/groupegagnon.ca\/en\/wp-json\/wp\/v2\/pages\/2244\/revisions"}],"predecessor-version":[{"id":2249,"href":"https:\/\/groupegagnon.ca\/en\/wp-json\/wp\/v2\/pages\/2244\/revisions\/2249"}],"wp:attachment":[{"href":"https:\/\/groupegagnon.ca\/en\/wp-json\/wp\/v2\/media?parent=2244"}],"curies":[{"name":"wp","href":"https:\/\/api.w.org\/{rel}","templated":true}]}}