{"id":2238,"date":"2021-03-07T13:28:24","date_gmt":"2021-03-07T18:28:24","guid":{"rendered":"https:\/\/groupegagnon.ca\/groupe-gagnon\/"},"modified":"2021-03-07T15:30:59","modified_gmt":"2021-03-07T20:30:59","slug":"groupe-gagnon","status":"publish","type":"page","link":"https:\/\/groupegagnon.ca\/en\/","title":{"rendered":"Groupe Gagnon"},"content":{"rendered":"<p>[et_pb_section fb_built=&#8221;1&#8243; fullwidth=&#8221;on&#8221; _builder_version=&#8221;4.5.6&#8243; _module_preset=&#8221;default&#8221; background_enable_color=&#8221;off&#8221; background_color_gradient_direction=&#8221;90deg&#8221; bottom_divider_style=&#8221;wave2&#8243; bottom_divider_color=&#8221;#ffffff&#8221;][et_pb_fullwidth_slider show_arrows=&#8221;off&#8221; show_pagination=&#8221;off&#8221; _builder_version=&#8221;4.5.6&#8243; _module_preset=&#8221;default&#8221; custom_padding=&#8221;114px||209px|||&#8221; animation_style=&#8221;fade&#8221; animation_duration=&#8221;800ms&#8221; animation_delay=&#8221;450ms&#8221; auto=&#8221;on&#8221; auto_speed=&#8221;5500&#8243;][et_pb_slide heading=&#8221;Confidential documents shredding&#8221; use_bg_overlay=&#8221;on&#8221; bg_overlay_color=&#8221;rgba(147,201,234,0.39)&#8221; use_text_overlay=&#8221;off&#8221; dot_nav_custom_color=&#8221;#ffffff&#8221; _builder_version=&#8221;4.5.6&#8243; _module_preset=&#8221;default&#8221; header_text_color=&#8221;#4693ba&#8221; body_text_color=&#8221;#00385e&#8221; background_color=&#8221;rgba(255,255,255,0.59)&#8221; background_enable_color=&#8221;on&#8221; background_image=&#8221;https:\/\/groupegagnon.ca\/wp-content\/uploads\/2020\/08\/dechiqueteuse.jpg&#8221; background_enable_image=&#8221;on&#8221; custom_button=&#8221;on&#8221; button_text_size=&#8221;1px&#8221; button_text_color=&#8221;#e01f45&#8243; button_alignment=&#8221;center&#8221; width=&#8221;60%&#8221; max_width=&#8221;100%&#8221; border_color_all_image=&#8221;#000000&#8243;]<\/p>\n<p>Green shredding services allow you to dispose of your confidential and nominative documents in a secure and environmentally safe way.<\/p>\n<p>[\/et_pb_slide][et_pb_slide heading=&#8221;Safety storage document&#8221; use_bg_overlay=&#8221;on&#8221; bg_overlay_color=&#8221;rgba(147,201,234,0.39)&#8221; use_text_overlay=&#8221;off&#8221; dot_nav_custom_color=&#8221;#ffffff&#8221; _builder_version=&#8221;4.5.6&#8243; _module_preset=&#8221;default&#8221; header_text_color=&#8221;#4693ba&#8221; body_text_color=&#8221;#00385e&#8221; background_color=&#8221;rgba(255,255,255,0.59)&#8221; background_enable_color=&#8221;on&#8221; background_image=&#8221;https:\/\/groupegagnon.ca\/wp-content\/uploads\/2020\/08\/remisage.jpg&#8221; background_enable_image=&#8221;on&#8221; custom_button=&#8221;on&#8221; button_text_color=&#8221;#e01f45&#8243; button_alignment=&#8221;center&#8221; width=&#8221;60%&#8221; max_width=&#8221;100%&#8221;]<\/p>\n<p>The storage reference for confidential documents for Quebec companies.<\/p>\n<p>[\/et_pb_slide][et_pb_slide heading=&#8221;innovating recycle services&#8221; use_bg_overlay=&#8221;on&#8221; bg_overlay_color=&#8221;rgba(147,201,234,0.39)&#8221; use_text_overlay=&#8221;off&#8221; dot_nav_custom_color=&#8221;#ffffff&#8221; _builder_version=&#8221;4.5.6&#8243; _module_preset=&#8221;default&#8221; header_text_color=&#8221;#4693ba&#8221; body_text_color=&#8221;#00385e&#8221; background_color=&#8221;rgba(255,255,255,0.59)&#8221; background_enable_color=&#8221;on&#8221; background_image=&#8221;https:\/\/groupegagnon.ca\/wp-content\/uploads\/2020\/08\/slider-polystyrene.jpg&#8221; background_enable_image=&#8221;on&#8221; custom_button=&#8221;on&#8221; button_text_color=&#8221;#e01f45&#8243; button_alignment=&#8221;center&#8221; width=&#8221;60%&#8221; max_width=&#8221;100%&#8221;]<\/p>\n<p>Our mission: enhance the value of the materials you no longer use on a daily basis.<\/p>\n<p>[\/et_pb_slide][\/et_pb_fullwidth_slider][\/et_pb_section][et_pb_section fb_built=&#8221;1&#8243; admin_label=&#8221;Our Services&#8221; _builder_version=&#8221;4.5.6&#8243; background_enable_color=&#8221;off&#8221; custom_padding=&#8221;0px|0px|3px|0px||&#8221;][et_pb_row admin_label=&#8221;New standard of payments&#8221; _builder_version=&#8221;4.5.6&#8243; custom_padding=&#8221;8px||0px|||&#8221; border_color_all=&#8221;rgba(0,0,0,0)&#8221;][et_pb_column type=&#8221;4_4&#8243; _builder_version=&#8221;4.5.6&#8243; background_color=&#8221;#ffffff&#8221; custom_padding=&#8221;30px|30px|30px|30px&#8221; border_radii=&#8221;on|2px|2px|2px|2px&#8221; border_color_all=&#8221;#88c4dd&#8221; border_style_all=&#8221;double&#8221; custom_padding__hover=&#8221;|||&#8221;][et_pb_text _builder_version=&#8221;4.5.6&#8243; text_font=&#8221;PT Sans||||||||&#8221; text_text_color=&#8221;rgba(255,255,255,0.7)&#8221; text_font_size=&#8221;18px&#8221; text_line_height=&#8221;1.8em&#8221; header_font=&#8221;||||||||&#8221; header_text_color=&#8221;#0da0c5&#8243; header_2_font=&#8221;Poppins|500|||||||&#8221; header_2_text_color=&#8221;#ffffff&#8221; header_2_font_size=&#8221;38px&#8221; header_2_line_height=&#8221;1.3em&#8221; header_3_font=&#8221;||||||||&#8221; header_4_font=&#8221;||||||||&#8221; custom_padding=&#8221;||0px|||&#8221; border_color_all=&#8221;rgba(0,0,0,0)&#8221;]<\/p>\n<h1 class=\"vc_custom_heading home-h1\" style=\"text-align: center;\"><strong>GROUPE GAGNON: SHREDDING, RECYCLING AND STORAGE SERVICES THAT ARE AS EFFICIENT AND SAFE AS THEY ARE ENVIRONMENTALLY SAFE.<\/strong><\/h1>\n<p>[\/et_pb_text][\/et_pb_column][\/et_pb_row][et_pb_row column_structure=&#8221;1_3,1_3,1_3&#8243; use_custom_gutter=&#8221;on&#8221; gutter_width=&#8221;2&#8243; _builder_version=&#8221;4.5.6&#8243; custom_padding=&#8221;0px||0px|||&#8221;][et_pb_column type=&#8221;1_3&#8243; _builder_version=&#8221;4.5.6&#8243; background_color=&#8221;#ffffff&#8221; custom_padding=&#8221;30px|30px|30px|30px&#8221; border_color_all=&#8221;#88c4dd&#8221; border_style_all=&#8221;double&#8221; custom_padding__hover=&#8221;|||&#8221;][et_pb_blurb title=&#8221;SHREDDING&#8221; image=&#8221;https:\/\/groupegagnon.ca\/wp-content\/uploads\/2020\/08\/de\u0301chiquetage.png&#8221; image_max_width=&#8221;41%&#8221; content_max_width=&#8221;284px&#8221; _builder_version=&#8221;4.5.6&#8243; header_font=&#8221;PT Sans|700|||||||&#8221; header_text_color=&#8221;#005977&#8243; header_line_height=&#8221;25px&#8221; body_font=&#8221;PT Sans||||||||&#8221; body_text_color=&#8221;#88c4dd&#8221; body_font_size=&#8221;16px&#8221; body_line_height=&#8221;1.8em&#8221; text_orientation=&#8221;center&#8221; background_layout=&#8221;dark&#8221; custom_margin=&#8221;|||&#8221; custom_padding=&#8221;|||&#8221; animation_style=&#8221;slide&#8221; animation_direction=&#8221;bottom&#8221; animation_intensity_slide=&#8221;10%&#8221; animation=&#8221;off&#8221;]<\/p>\n<p>Fast and reliable destruction of confidential archives.<\/p>\n<p>[\/et_pb_blurb][\/et_pb_column][et_pb_column type=&#8221;1_3&#8243; _builder_version=&#8221;3.25&#8243; background_color=&#8221;#ffffff&#8221; custom_padding=&#8221;30px|30px|30px|30px&#8221; border_color_all=&#8221;#88c4dd&#8221; border_style_all=&#8221;double&#8221; custom_padding__hover=&#8221;|||&#8221;][et_pb_blurb title=&#8221;STORAGE&#8221; image=&#8221;https:\/\/groupegagnon.ca\/wp-content\/uploads\/2020\/08\/remisage-1.png&#8221; image_max_width=&#8221;41%&#8221; content_max_width=&#8221;284px&#8221; _builder_version=&#8221;4.5.6&#8243; header_font=&#8221;PT Sans|700|||||||&#8221; header_text_color=&#8221;#005977&#8243; header_line_height=&#8221;25px&#8221; body_font=&#8221;PT Sans||||||||&#8221; body_text_color=&#8221;#88c4dd&#8221; body_font_size=&#8221;16px&#8221; body_line_height=&#8221;1.8em&#8221; text_orientation=&#8221;center&#8221; background_layout=&#8221;dark&#8221; custom_margin=&#8221;|||&#8221; custom_padding=&#8221;|||&#8221; animation_style=&#8221;slide&#8221; animation_direction=&#8221;bottom&#8221; animation_intensity_slide=&#8221;10%&#8221; animation=&#8221;off&#8221;]<\/p>\n<p>Your documents are stored safely.<\/p>\n<p>[\/et_pb_blurb][\/et_pb_column][et_pb_column type=&#8221;1_3&#8243; _builder_version=&#8221;3.25&#8243; background_color=&#8221;#ffffff&#8221; custom_padding=&#8221;30px|30px|30px|30px&#8221; border_color_all=&#8221;#88c4dd&#8221; border_style_all=&#8221;double&#8221; custom_padding__hover=&#8221;|||&#8221;][et_pb_blurb title=&#8221;RECYCLING&#8221; image=&#8221;https:\/\/groupegagnon.ca\/wp-content\/uploads\/2020\/08\/recyclage-1.png&#8221; image_max_width=&#8221;41%&#8221; content_max_width=&#8221;284px&#8221; _builder_version=&#8221;4.5.6&#8243; header_font=&#8221;PT Sans|700|||||||&#8221; header_text_color=&#8221;#005977&#8243; header_line_height=&#8221;25px&#8221; body_font=&#8221;PT Sans||||||||&#8221; body_text_color=&#8221;#88c4dd&#8221; body_font_size=&#8221;16px&#8221; body_line_height=&#8221;1.8em&#8221; text_orientation=&#8221;center&#8221; background_layout=&#8221;dark&#8221; custom_margin=&#8221;|||&#8221; custom_padding=&#8221;|||&#8221; animation_style=&#8221;slide&#8221; animation_direction=&#8221;bottom&#8221; animation_intensity_slide=&#8221;10%&#8221; animation=&#8221;off&#8221;]<\/p>\n<p>An efficient \/ personalized \/ versatile ecological approach.<\/p>\n<p>[\/et_pb_blurb][\/et_pb_column][\/et_pb_row][\/et_pb_section][et_pb_section fb_built=&#8221;1&#8243; prev_background_color=&#8221;#ffffff&#8221; admin_label=&#8221;3 Cards Features&#8221; _builder_version=&#8221;4.5.6&#8243; background_color=&#8221;#88c4dd&#8221; use_background_color_gradient=&#8221;on&#8221; background_color_gradient_start=&#8221;rgba(46,169,221,0.45)&#8221; background_color_gradient_end=&#8221;#8bcde0&#8243; custom_padding=&#8221;80px|0px|0px|0px||&#8221; top_divider_style=&#8221;curve&#8221;][et_pb_row column_structure=&#8221;2_5,3_5&#8243; admin_label=&#8221;Sending Payments&#8221; _builder_version=&#8221;3.25&#8243; custom_margin=&#8221;|||&#8221; custom_padding=&#8221;69px||29px|||&#8221;][et_pb_column type=&#8221;2_5&#8243; _builder_version=&#8221;3.25&#8243; custom_padding=&#8221;|||&#8221; custom_padding__hover=&#8221;|||&#8221;][et_pb_image src=&#8221;https:\/\/groupegagnon.ca\/wp-content\/uploads\/2020\/08\/icon-engagement.png&#8221; title_text=&#8221;icon engagement&#8221; _builder_version=&#8221;4.5.6&#8243; _module_preset=&#8221;default&#8221; custom_margin=&#8221;-50px||||false|false&#8221; custom_padding=&#8221;0px||||false|false&#8221;][\/et_pb_image][\/et_pb_column][et_pb_column type=&#8221;3_5&#8243; _builder_version=&#8221;3.25&#8243; custom_padding=&#8221;|||&#8221; custom_padding__hover=&#8221;|||&#8221;][et_pb_text _builder_version=&#8221;4.5.6&#8243; text_font=&#8221;||||||||&#8221; text_text_color=&#8221;#00203f&#8221; text_font_size=&#8221;18px&#8221; text_line_height=&#8221;1.8em&#8221; header_font=&#8221;||||||||&#8221; header_2_font=&#8221;Poppins|500|||||||&#8221; header_2_text_color=&#8221;#ffffff&#8221; header_2_font_size=&#8221;38px&#8221; header_2_line_height=&#8221;1.3em&#8221; header_3_font=&#8221;||||||||&#8221; header_4_font=&#8221;||||||||&#8221;]<\/p>\n<h2>Our commitment&#8230;<\/h2>\n<p>Revolutionize the recycling industry in Quebec. Ensure the security and confidentiality of documents for our clients&#8230;[\/et_pb_text][et_pb_button button_url=&#8221;https:\/\/groupegagnon.ca\/en\/our-commitment\/&#8221; button_text=&#8221;Learn More&#8221; button_alignment=&#8221;left&#8221; _builder_version=&#8221;4.5.6&#8243; custom_button=&#8221;on&#8221; button_text_size=&#8221;14px&#8221; button_text_color=&#8221;#ffffff&#8221; button_bg_color=&#8221;rgba(0,0,0,0)&#8221; button_border_color=&#8221;#ffffff&#8221; button_border_radius=&#8221;11px&#8221; button_font=&#8221;|700|||||||&#8221; button_use_icon=&#8221;off&#8221; custom_margin=&#8221;|||&#8221; custom_padding=&#8221;10px|30px|10px|30px&#8221; box_shadow_style=&#8221;preset3&#8243; box_shadow_vertical=&#8221;8px&#8221; box_shadow_blur=&#8221;35px&#8221; box_shadow_color=&#8221;rgba(77,170,242,0.36)&#8221; locked=&#8221;off&#8221; button_text_size__hover_enabled=&#8221;off&#8221; button_one_text_size__hover_enabled=&#8221;off&#8221; button_two_text_size__hover_enabled=&#8221;off&#8221; button_text_color__hover_enabled=&#8221;off&#8221; button_one_text_color__hover_enabled=&#8221;off&#8221; button_two_text_color__hover_enabled=&#8221;off&#8221; button_border_width__hover_enabled=&#8221;off&#8221; button_one_border_width__hover_enabled=&#8221;off&#8221; button_two_border_width__hover_enabled=&#8221;off&#8221; button_border_color__hover_enabled=&#8221;off&#8221; button_one_border_color__hover_enabled=&#8221;off&#8221; button_two_border_color__hover_enabled=&#8221;off&#8221; button_border_radius__hover_enabled=&#8221;off&#8221; button_one_border_radius__hover_enabled=&#8221;off&#8221; button_two_border_radius__hover_enabled=&#8221;off&#8221; button_letter_spacing__hover_enabled=&#8221;off&#8221; button_one_letter_spacing__hover_enabled=&#8221;off&#8221; button_two_letter_spacing__hover_enabled=&#8221;off&#8221; button_bg_color__hover_enabled=&#8221;off&#8221; button_one_bg_color__hover_enabled=&#8221;off&#8221; button_two_bg_color__hover_enabled=&#8221;off&#8221;][\/et_pb_button][\/et_pb_column][\/et_pb_row][\/et_pb_section][et_pb_section fb_built=&#8221;1&#8243; custom_padding_last_edited=&#8221;on|desktop&#8221; admin_label=&#8221;Getting Paid&#8221; _builder_version=&#8221;4.5.6&#8243; background_color=&#8221;rgba(0,0,0,0)&#8221; background_color_gradient_direction=&#8221;270deg&#8221; background_image=&#8221;https:\/\/groupegagnon.ca\/wp-content\/uploads\/2020\/08\/eco-captation-1024&#215;606-1.jpg&#8221; parallax=&#8221;on&#8221; custom_margin=&#8221;|||&#8221; custom_padding=&#8221;100px|0px|100px|0px&#8221; custom_padding_tablet=&#8221;&#8221; custom_padding_phone=&#8221;&#8221; top_divider_style=&#8221;wave2&#8243; top_divider_color=&#8221;rgba(136,196,221,0.94)&#8221; animation_direction=&#8221;right&#8221; border_radii=&#8221;||0px|0px|&#8221; border_width_all=&#8221;0px&#8221; border_color_all=&#8221;#333333&#8243; border_style_all=&#8221;solid&#8221; box_shadow_style=&#8221;preset6&#8243; box_shadow_horizontal=&#8221;50px&#8221; box_shadow_blur=&#8221;100px&#8221; box_shadow_color=&#8221;rgba(0,0,0,0.1)&#8221; box_shadow_position=&#8221;outer&#8221;][et_pb_row _builder_version=&#8221;4.5.6&#8243; _module_preset=&#8221;default&#8221;][et_pb_column type=&#8221;4_4&#8243; _builder_version=&#8221;4.5.6&#8243; _module_preset=&#8221;default&#8221;][et_pb_cta title=&#8221;ECO-CAPTATION&#8221; _builder_version=&#8221;4.5.6&#8243; _module_preset=&#8221;default&#8221; background_enable_color=&#8221;off&#8221; custom_button=&#8221;on&#8221; button_text_size=&#8221;14px&#8221; button_text_color=&#8221;#e02b20&#8243;]<\/p>\n<h2 class=\"vc_custom_heading parallex-subtitle vc_custom_1568303237234\">Polystyrene recycling and revalorization<\/h2>\n<p>We believe that every action to save our planet counts.[\/et_pb_cta][et_pb_button button_url=&#8221;https:\/\/groupegagnon.ca\/en\/eco-captation\/&#8221; button_text=&#8221;Join the movement&#8221; button_alignment=&#8221;center&#8221; _builder_version=&#8221;4.5.6&#8243; _module_preset=&#8221;default&#8221; custom_button=&#8221;on&#8221; button_text_color=&#8221;#ffffff&#8221; button_bg_color=&#8221;#e02b20&#8243; button_border_width=&#8221;0px&#8221; button_icon=&#8221;%%40%%&#8221;][\/et_pb_button][\/et_pb_column][\/et_pb_row][\/et_pb_section][et_pb_section fb_built=&#8221;1&#8243; admin_label=&#8221;Getting Paid&#8221; _builder_version=&#8221;4.5.6&#8243; background_color=&#8221;#88c4dd&#8221; use_background_color_gradient=&#8221;on&#8221; background_color_gradient_start=&#8221;rgba(46,169,221,0.45)&#8221; background_color_gradient_end=&#8221;#8bcde0&#8243; custom_padding=&#8221;13px|0px|33px|0px||&#8221;][et_pb_row column_structure=&#8221;1_3,1_3,1_3&#8243; _builder_version=&#8221;4.5.6&#8243; _module_preset=&#8221;default&#8221;][et_pb_column type=&#8221;1_3&#8243; _builder_version=&#8221;4.5.6&#8243; _module_preset=&#8221;default&#8221;][et_pb_image src=&#8221;https:\/\/groupegagnon.ca\/wp-content\/uploads\/2020\/08\/EcoCaptation-1024&#215;160-1.png&#8221; title_text=&#8221;EcoCaptation-1024&#215;160&#8243; url=&#8221;https:\/\/groupegagnon.ca\/en\/eco-captation\/&#8221; align=&#8221;center&#8221; _builder_version=&#8221;4.5.6&#8243; _module_preset=&#8221;default&#8221; width=&#8221;83%&#8221;][\/et_pb_image][\/et_pb_column][et_pb_column type=&#8221;1_3&#8243; _builder_version=&#8221;4.5.6&#8243; _module_preset=&#8221;default&#8221;][et_pb_blurb image=&#8221;https:\/\/groupegagnon.ca\/wp-content\/uploads\/2020\/08\/favicon-1024&#215;1024-1.png&#8221; image_max_width=&#8221;16%&#8221; content_max_width=&#8221;503px&#8221; _builder_version=&#8221;4.5.6&#8243; _module_preset=&#8221;default&#8221; header_font=&#8221;||||||||&#8221; header_text_align=&#8221;center&#8221; header_text_color=&#8221;#ffffff&#8221; header_font_size=&#8221;19px&#8221; body_text_color=&#8221;#ffffff&#8221; body_font_size=&#8221;17px&#8221; body_line_height=&#8221;1em&#8221; module_alignment=&#8221;center&#8221;]<\/p>\n<p style=\"text-align: center;\"><strong>Gratuit\u00a0<\/strong><strong>1 877 229-4708<\/strong><\/p>\n<p style=\"text-align: center;\"><strong>450 327-6304<\/strong><\/p>\n<p style=\"text-align: center;\"><strong>info@groupegagnon.ca<\/strong><\/p>\n<p>[\/et_pb_blurb][\/et_pb_column][et_pb_column type=&#8221;1_3&#8243; _builder_version=&#8221;4.5.6&#8243; _module_preset=&#8221;default&#8221;][et_pb_button button_url=&#8221;https:\/\/groupegagnon.ca\/dechic-depot\/&#8221; button_text=&#8221;D\u00e9chic-D\u00e9p\u00f4t&#8221; button_alignment=&#8221;center&#8221; _builder_version=&#8221;4.5.6&#8243; _module_preset=&#8221;default&#8221; custom_button=&#8221;on&#8221; button_text_size=&#8221;20px&#8221; button_text_color=&#8221;#ffffff&#8221; button_bg_color=&#8221;#004268&#8243; button_border_width=&#8221;2px&#8221; button_border_radius=&#8221;6px&#8221; button_letter_spacing=&#8221;1px&#8221; button_icon=&#8221;%%40%%&#8221;][\/et_pb_button][\/et_pb_column][\/et_pb_row][\/et_pb_section][et_pb_section fb_built=&#8221;1&#8243; _builder_version=&#8221;4.5.6&#8243; _module_preset=&#8221;default&#8221;][et_pb_row _builder_version=&#8221;4.5.6&#8243; _module_preset=&#8221;default&#8221;][et_pb_column type=&#8221;4_4&#8243; _builder_version=&#8221;4.5.6&#8243; _module_preset=&#8221;default&#8221;][et_pb_blog fullwidth=&#8221;off&#8221; posts_number=&#8221;6&#8243; excerpt_length=&#8221;200&#8243; show_more=&#8221;on&#8221; show_author=&#8221;off&#8221; _builder_version=&#8221;4.5.6&#8243; _module_preset=&#8221;default&#8221;][\/et_pb_blog][\/et_pb_column][\/et_pb_row][\/et_pb_section]<\/p>\n","protected":false},"excerpt":{"rendered":"<p>Green shredding services allow you to dispose of your confidential and nominative documents in a secure and environmentally safe way.The storage reference for confidential documents for Quebec companies.Our mission: enhance the value of the materials you no longer use on a daily basis.GROUPE GAGNON: SHREDDING, RECYCLING AND STORAGE SERVICES THAT ARE AS EFFICIENT AND SAFE [&hellip;]<\/p>\n","protected":false},"author":1,"featured_media":0,"parent":0,"menu_order":0,"comment_status":"closed","ping_status":"closed","template":"","meta":{"_et_pb_use_builder":"on","_et_pb_old_content":"","_et_gb_content_width":"","footnotes":""},"class_list":["post-2238","page","type-page","status-publish","hentry"],"yoast_head":"<!-- This site is optimized with the Yoast SEO plugin v23.1 - https:\/\/yoast.com\/wordpress\/plugins\/seo\/ -->\n<title>Schredding, storage, recycling | Groupe Gagnon<\/title>\n<meta name=\"description\" content=\"Groupe Gagnon offers businesses, institutions and citizens complete recycling, shredding and storage services for confidential documents.\" \/>\n<meta name=\"robots\" content=\"index, follow, max-snippet:-1, max-image-preview:large, max-video-preview:-1\" \/>\n<link rel=\"canonical\" href=\"https:\/\/groupegagnon.ca\/en\/\" \/>\n<meta property=\"og:locale\" content=\"en_US\" \/>\n<meta property=\"og:type\" content=\"article\" \/>\n<meta property=\"og:title\" content=\"Schredding, storage, recycling | Groupe Gagnon\" \/>\n<meta property=\"og:description\" content=\"Groupe Gagnon offers businesses, institutions and citizens complete recycling, shredding and storage services for confidential documents.\" \/>\n<meta property=\"og:url\" content=\"https:\/\/groupegagnon.ca\/en\/\" \/>\n<meta property=\"og:site_name\" content=\"Groupe Gagnon\" \/>\n<meta property=\"article:modified_time\" content=\"2021-03-07T20:30:59+00:00\" \/>\n<meta name=\"twitter:card\" content=\"summary_large_image\" \/>\n<meta name=\"twitter:label1\" content=\"Est. reading time\" \/>\n\t<meta name=\"twitter:data1\" content=\"9 minutes\" \/>\n<script type=\"application\/ld+json\" class=\"yoast-schema-graph\">{\"@context\":\"https:\/\/schema.org\",\"@graph\":[{\"@type\":\"WebPage\",\"@id\":\"https:\/\/groupegagnon.ca\/en\/\",\"url\":\"https:\/\/groupegagnon.ca\/en\/\",\"name\":\"Schredding, storage, recycling | Groupe Gagnon\",\"isPartOf\":{\"@id\":\"https:\/\/groupegagnon.ca\/en\/#website\"},\"datePublished\":\"2021-03-07T18:28:24+00:00\",\"dateModified\":\"2021-03-07T20:30:59+00:00\",\"description\":\"Groupe Gagnon offers businesses, institutions and citizens complete recycling, shredding and storage services for confidential documents.\",\"breadcrumb\":{\"@id\":\"https:\/\/groupegagnon.ca\/en\/#breadcrumb\"},\"inLanguage\":\"en-US\",\"potentialAction\":[{\"@type\":\"ReadAction\",\"target\":[\"https:\/\/groupegagnon.ca\/en\/\"]}]},{\"@type\":\"BreadcrumbList\",\"@id\":\"https:\/\/groupegagnon.ca\/en\/#breadcrumb\",\"itemListElement\":[{\"@type\":\"ListItem\",\"position\":1,\"name\":\"Home\",\"item\":\"https:\/\/groupegagnon.ca\/en\/\"},{\"@type\":\"ListItem\",\"position\":2,\"name\":\"Groupe Gagnon\"}]},{\"@type\":\"WebSite\",\"@id\":\"https:\/\/groupegagnon.ca\/en\/#website\",\"url\":\"https:\/\/groupegagnon.ca\/en\/\",\"name\":\"Groupe Gagnon\",\"description\":\"RECYCLAGE, D\u00c9CHIQUETAGE ET D\u2019ENTREPOSAGE \u00c9COLOGIQUES\",\"potentialAction\":[{\"@type\":\"SearchAction\",\"target\":{\"@type\":\"EntryPoint\",\"urlTemplate\":\"https:\/\/groupegagnon.ca\/en\/?s={search_term_string}\"},\"query-input\":\"required name=search_term_string\"}],\"inLanguage\":\"en-US\"}]}<\/script>\n<!-- \/ Yoast SEO plugin. -->","yoast_head_json":{"title":"Schredding, storage, recycling | Groupe Gagnon","description":"Groupe Gagnon offers businesses, institutions and citizens complete recycling, shredding and storage services for confidential documents.","robots":{"index":"index","follow":"follow","max-snippet":"max-snippet:-1","max-image-preview":"max-image-preview:large","max-video-preview":"max-video-preview:-1"},"canonical":"https:\/\/groupegagnon.ca\/en\/","og_locale":"en_US","og_type":"article","og_title":"Schredding, storage, recycling | Groupe Gagnon","og_description":"Groupe Gagnon offers businesses, institutions and citizens complete recycling, shredding and storage services for confidential documents.","og_url":"https:\/\/groupegagnon.ca\/en\/","og_site_name":"Groupe Gagnon","article_modified_time":"2021-03-07T20:30:59+00:00","twitter_card":"summary_large_image","twitter_misc":{"Est. reading time":"9 minutes"},"schema":{"@context":"https:\/\/schema.org","@graph":[{"@type":"WebPage","@id":"https:\/\/groupegagnon.ca\/en\/","url":"https:\/\/groupegagnon.ca\/en\/","name":"Schredding, storage, recycling | Groupe Gagnon","isPartOf":{"@id":"https:\/\/groupegagnon.ca\/en\/#website"},"datePublished":"2021-03-07T18:28:24+00:00","dateModified":"2021-03-07T20:30:59+00:00","description":"Groupe Gagnon offers businesses, institutions and citizens complete recycling, shredding and storage services for confidential documents.","breadcrumb":{"@id":"https:\/\/groupegagnon.ca\/en\/#breadcrumb"},"inLanguage":"en-US","potentialAction":[{"@type":"ReadAction","target":["https:\/\/groupegagnon.ca\/en\/"]}]},{"@type":"BreadcrumbList","@id":"https:\/\/groupegagnon.ca\/en\/#breadcrumb","itemListElement":[{"@type":"ListItem","position":1,"name":"Home","item":"https:\/\/groupegagnon.ca\/en\/"},{"@type":"ListItem","position":2,"name":"Groupe Gagnon"}]},{"@type":"WebSite","@id":"https:\/\/groupegagnon.ca\/en\/#website","url":"https:\/\/groupegagnon.ca\/en\/","name":"Groupe Gagnon","description":"RECYCLAGE, D\u00c9CHIQUETAGE ET D\u2019ENTREPOSAGE \u00c9COLOGIQUES","potentialAction":[{"@type":"SearchAction","target":{"@type":"EntryPoint","urlTemplate":"https:\/\/groupegagnon.ca\/en\/?s={search_term_string}"},"query-input":"required name=search_term_string"}],"inLanguage":"en-US"}]}},"_links":{"self":[{"href":"https:\/\/groupegagnon.ca\/en\/wp-json\/wp\/v2\/pages\/2238","targetHints":{"allow":["GET"]}}],"collection":[{"href":"https:\/\/groupegagnon.ca\/en\/wp-json\/wp\/v2\/pages"}],"about":[{"href":"https:\/\/groupegagnon.ca\/en\/wp-json\/wp\/v2\/types\/page"}],"author":[{"embeddable":true,"href":"https:\/\/groupegagnon.ca\/en\/wp-json\/wp\/v2\/users\/1"}],"replies":[{"embeddable":true,"href":"https:\/\/groupegagnon.ca\/en\/wp-json\/wp\/v2\/comments?post=2238"}],"version-history":[{"count":7,"href":"https:\/\/groupegagnon.ca\/en\/wp-json\/wp\/v2\/pages\/2238\/revisions"}],"predecessor-version":[{"id":2297,"href":"https:\/\/groupegagnon.ca\/en\/wp-json\/wp\/v2\/pages\/2238\/revisions\/2297"}],"wp:attachment":[{"href":"https:\/\/groupegagnon.ca\/en\/wp-json\/wp\/v2\/media?parent=2238"}],"curies":[{"name":"wp","href":"https:\/\/api.w.org\/{rel}","templated":true}]}}